{"id":4640,"date":"2021-07-26T11:40:00","date_gmt":"2021-07-26T16:40:00","guid":{"rendered":"https:\/\/barranquillamas20.com\/?page_id=4640"},"modified":"2026-02-24T19:06:47","modified_gmt":"2026-02-25T00:06:47","slug":"educacion-y-fortalecimiento-de-capacidades","status":"publish","type":"page","link":"https:\/\/barranquillamas20.com\/en\/educacion-y-fortalecimiento-de-capacidades\/","title":{"rendered":"Education and Capacity Building"},"content":{"rendered":"<style>.elementor-4640 .elementor-element.elementor-element-72e0bc6{--display:flex;--min-height:440px;--flex-direction:column;--container-widget-width:100%;--container-widget-height:initial;--container-widget-flex-grow:0;--container-widget-align-self:initial;--flex-wrap-mobile:wrap;--justify-content:flex-end;--overlay-opacity:0.7;--padding-top:60px;--padding-bottom:30px;--padding-left:0px;--padding-right:0px;}.elementor-4640 .elementor-element.elementor-element-72e0bc6:not(.elementor-motion-effects-element-type-background), .elementor-4640 .elementor-element.elementor-element-72e0bc6 > .elementor-motion-effects-container > .elementor-motion-effects-layer{background-image:url(\"https:\/\/barranquillamas20.com\/wp-content\/uploads\/2026\/02\/Banner-naranja-b20.webp\");background-position:center right;background-repeat:no-repeat;background-size:cover;}.elementor-4640 .elementor-element.elementor-element-72e0bc6::before, .elementor-4640 .elementor-element.elementor-element-72e0bc6 > .elementor-background-video-container::before, .elementor-4640 .elementor-element.elementor-element-72e0bc6 > .e-con-inner > .elementor-background-video-container::before, .elementor-4640 .elementor-element.elementor-element-72e0bc6 > .elementor-background-slideshow::before, .elementor-4640 .elementor-element.elementor-element-72e0bc6 > .e-con-inner > .elementor-background-slideshow::before, .elementor-4640 .elementor-element.elementor-element-72e0bc6 > .elementor-motion-effects-container > .elementor-motion-effects-layer::before{--background-overlay:'';background-color:var( --e-global-color-81a9c4a );}.elementor-4640 .elementor-element.elementor-element-c8d5a7e{text-align:center;}.elementor-4640 .elementor-element.elementor-element-c8d5a7e .elementor-heading-title{font-family:\"Outfit\", Sans-serif;font-size:56px;font-weight:600;line-height:1em;color:var( --e-global-color-22c322d );}.elementor-4640 .elementor-element.elementor-element-9c23b24{text-align:center;color:var( --e-global-color-22c322d );width:var( --container-widget-width, 52% );max-width:52%;--container-widget-width:52%;--container-widget-flex-grow:0;}.elementor-4640 .elementor-element.elementor-element-9c23b24.elementor-element{--align-self:center;}.elementor-4640 .elementor-element.elementor-element-14244d0 .elementor-button-content-wrapper{flex-direction:row-reverse;}.elementor-4640 .elementor-element.elementor-element-cf52a0a{--display:flex;--flex-direction:column;--container-widget-width:calc( ( 1 - var( --container-widget-flex-grow ) ) * 100% );--container-widget-height:initial;--container-widget-flex-grow:0;--container-widget-align-self:initial;--flex-wrap-mobile:wrap;--align-items:center;--gap:40px 40px;--row-gap:40px;--column-gap:40px;--padding-top:100px;--padding-bottom:100px;--padding-left:0px;--padding-right:0px;}.elementor-4640 .elementor-element.elementor-element-577a125{--grid-columns:2;--grid-column-gap:20px;--grid-row-gap:20px;}@media(max-width:1024px){.elementor-4640 .elementor-element.elementor-element-72e0bc6{--padding-top:60px;--padding-bottom:30px;--padding-left:20px;--padding-right:20px;}.elementor-4640 .elementor-element.elementor-element-9c23b24{width:100%;max-width:100%;}.elementor-4640 .elementor-element.elementor-element-cf52a0a{--padding-top:80px;--padding-bottom:80px;--padding-left:20px;--padding-right:20px;}.elementor-4640 .elementor-element.elementor-element-577a125{--grid-columns:1;}}@media(max-width:767px){.elementor-4640 .elementor-element.elementor-element-72e0bc6{--min-height:400px;--padding-top:50px;--padding-bottom:30px;--padding-left:20px;--padding-right:20px;}.elementor-4640 .elementor-element.elementor-element-72e0bc6:not(.elementor-motion-effects-element-type-background), .elementor-4640 .elementor-element.elementor-element-72e0bc6 > .elementor-motion-effects-container > .elementor-motion-effects-layer{background-position:center center;}.elementor-4640 .elementor-element.elementor-element-c8d5a7e .elementor-heading-title{font-size:36px;}.elementor-4640 .elementor-element.elementor-element-577a125{--grid-columns:1;}}<\/style>\t\t<div data-elementor-type=\"wp-post\" data-elementor-id=\"4640\" class=\"elementor elementor-4640\" data-elementor-post-type=\"page\">\n\t\t\t\t<div class=\"elementor-element elementor-element-72e0bc6 e-flex e-con-boxed e-con e-parent\" data-id=\"72e0bc6\" data-element_type=\"container\" data-e-type=\"container\" data-settings=\"{&quot;background_background&quot;:&quot;classic&quot;}\">\n\t\t\t\t\t<div class=\"e-con-inner\">\n\t\t\t\t<div class=\"elementor-element elementor-element-9c23b24 elementor-widget__width-initial elementor-widget-tablet__width-inherit elementor-widget elementor-widget-text-editor\" data-id=\"9c23b24\" data-element_type=\"widget\" data-e-type=\"widget\" data-widget_type=\"text-editor.default\">\n\t\t\t\t\t\t\t\t\t<p><span style=\"font-weight: 400;\">Impulsamos procesos formativos en justicia clim\u00e1tica y sostenibilidad desde un enfoque feminista y territorial, fortaleciendo liderazgos juveniles y comunitarios para la acci\u00f3n y la incidencia.<\/span><\/p><p><span style=\"font-weight: 400;\">Explora nuestro portal educativo y construyamos juntxs nuevos procesos de aprendizaje.<\/span><\/p>\t\t\t\t\t\t\t\t<\/div>\n\t\t\t\t<div class=\"elementor-element elementor-element-14244d0 elementor-align-center elementor-widget elementor-widget-button\" data-id=\"14244d0\" data-element_type=\"widget\" data-e-type=\"widget\" data-widget_type=\"button.default\">\n\t\t\t\t\t\t\t\t\t\t<a class=\"elementor-button elementor-button-link elementor-size-sm\" href=\"https:\/\/nuevaaulavirtual.barranquillamas20.com\/\" target=\"_blank\">\n\t\t\t\t\t\t<span class=\"elementor-button-content-wrapper\">\n\t\t\t\t\t\t<span class=\"elementor-button-icon\">\n\t\t\t\t<i aria-hidden=\"true\" class=\"jki jki-arrow-up-right-line\"><\/i>\t\t\t<\/span>\n\t\t\t\t\t\t\t\t\t<span class=\"elementor-button-text\">Portal Educativo<\/span>\n\t\t\t\t\t<\/span>\n\t\t\t\t\t<\/a>\n\t\t\t\t\t\t\t\t<\/div>\n\t\t\t\t\t<\/div>\n\t\t\t\t<\/div>\n\t\t<div class=\"elementor-element elementor-element-cf52a0a e-flex e-con-boxed e-con e-parent\" data-id=\"cf52a0a\" data-element_type=\"container\" data-e-type=\"container\">\n\t\t\t\t\t<div class=\"e-con-inner\">\n\t\t\t\t<div class=\"elementor-element elementor-element-577a125 elementor-grid-2 elementor-grid-tablet-1 elementor-grid-mobile-1 elementor-widget elementor-widget-loop-grid\" data-id=\"577a125\" data-element_type=\"widget\" data-e-type=\"widget\" data-settings=\"{&quot;template_id&quot;:&quot;14501&quot;,&quot;pagination_type&quot;:&quot;load_more_infinite_scroll&quot;,&quot;columns&quot;:2,&quot;row_gap&quot;:{&quot;unit&quot;:&quot;px&quot;,&quot;size&quot;:20,&quot;sizes&quot;:[]},&quot;columns_tablet&quot;:1,&quot;masonry&quot;:&quot;yes&quot;,&quot;_skin&quot;:&quot;post&quot;,&quot;columns_mobile&quot;:&quot;1&quot;,&quot;edit_handle_selector&quot;:&quot;[data-elementor-type=\\&quot;loop-item\\&quot;]&quot;,&quot;load_more_spinner&quot;:{&quot;value&quot;:&quot;fas fa-spinner&quot;,&quot;library&quot;:&quot;fa-solid&quot;},&quot;row_gap_tablet&quot;:{&quot;unit&quot;:&quot;px&quot;,&quot;size&quot;:&quot;&quot;,&quot;sizes&quot;:[]},&quot;row_gap_mobile&quot;:{&quot;unit&quot;:&quot;px&quot;,&quot;size&quot;:&quot;&quot;,&quot;sizes&quot;:[]}}\" data-widget_type=\"loop-grid.post\">\n\t\t\t\t<div class=\"elementor-widget-container\">\n\t\t\t\t\t\t\t<div class=\"elementor-loop-container elementor-grid\" role=\"list\">\n\t\t<style id=\"loop-14501\">.elementor-14501 .elementor-element.elementor-element-41ca630{--display:flex;--flex-direction:column;--container-widget-width:100%;--container-widget-height:initial;--container-widget-flex-grow:0;--container-widget-align-self:initial;--flex-wrap-mobile:wrap;--border-radius:10px 10px 10px 10px;box-shadow:0px 0px 10px 0px rgba(0, 0, 0, 0.25);--padding-top:20px;--padding-bottom:20px;--padding-left:20px;--padding-right:20px;}.elementor-14501 .elementor-element.elementor-element-41ca630:not(.elementor-motion-effects-element-type-background), .elementor-14501 .elementor-element.elementor-element-41ca630 > .elementor-motion-effects-container > .elementor-motion-effects-layer{background-color:var( --e-global-color-22c322d );}.elementor-14501 .elementor-element.elementor-element-71efcd0{--display:flex;}.elementor-14501 .elementor-element.elementor-element-917c5f4 img{border-radius:10px 10px 10px 10px;}.elementor-14501 .elementor-element.elementor-element-285938d{--display:flex;}.elementor-14501 .elementor-element.elementor-element-d681b26 .elementor-icon-list-icon i{transition:color 0.3s;}.elementor-14501 .elementor-element.elementor-element-d681b26 .elementor-icon-list-icon svg{transition:fill 0.3s;}.elementor-14501 .elementor-element.elementor-element-d681b26{--e-icon-list-icon-size:14px;--icon-vertical-offset:0px;}.elementor-14501 .elementor-element.elementor-element-d681b26 .elementor-icon-list-text{transition:color 0.3s;}.elementor-14501 .elementor-element.elementor-element-d905ae5 .elementor-button-content-wrapper{flex-direction:row-reverse;}.elementor-14501 .elementor-element.elementor-element-d905ae5 .elementor-button{fill:var( --e-global-color-22c322d );color:var( --e-global-color-22c322d );}<\/style>\t\t<div data-elementor-type=\"loop-item\" data-elementor-id=\"14501\" class=\"elementor elementor-14501 e-loop-item e-loop-item-15658 post-15658 convocatorias type-convocatorias status-publish has-post-thumbnail hentry\" data-elementor-post-type=\"elementor_library\" data-custom-edit-handle=\"1\">\n\t\t\t<div class=\"elementor-element elementor-element-41ca630 e-flex e-con-boxed e-con e-parent\" data-id=\"41ca630\" data-element_type=\"container\" data-e-type=\"container\" data-settings=\"{&quot;background_background&quot;:&quot;classic&quot;}\">\n\t\t\t\t\t<div class=\"e-con-inner\">\n\t\t<div class=\"elementor-element elementor-element-71efcd0 e-con-full e-flex e-con e-child\" data-id=\"71efcd0\" data-element_type=\"container\" data-e-type=\"container\">\n\t\t\t\t<div class=\"elementor-element elementor-element-917c5f4 elementor-widget elementor-widget-image\" data-id=\"917c5f4\" data-element_type=\"widget\" data-e-type=\"widget\" data-widget_type=\"image.default\">\n\t\t\t\t\t\t\t\t\t\t\t\t\t\t\t<img decoding=\"async\" data-src=\"https:\/\/barranquillamas20.com\/wp-content\/uploads\/elementor\/thumbs\/Convocatoria-rjnidk9bjhdr66vj6tce5d1yuhwyajtr1x1kp2wmli.jpg\" title=\"Convocatoria\" alt=\"Convocatoria\" src=\"data:image\/svg+xml;base64,PHN2ZyB3aWR0aD0iMSIgaGVpZ2h0PSIxIiB4bWxucz0iaHR0cDovL3d3dy53My5vcmcvMjAwMC9zdmciPjwvc3ZnPg==\" class=\"lazyload\" style=\"--smush-placeholder-width: 900px; --smush-placeholder-aspect-ratio: 900\/599;\" \/>\t\t\t\t\t\t\t\t\t\t\t\t\t\t\t<\/div>\n\t\t\t\t<\/div>\n\t\t<div class=\"elementor-element elementor-element-285938d e-con-full e-flex e-con e-child\" data-id=\"285938d\" data-element_type=\"container\" data-e-type=\"container\">\n\t\t\t\t<div class=\"elementor-element elementor-element-061b01f elementor-widget elementor-widget-heading\" data-id=\"061b01f\" data-element_type=\"widget\" data-e-type=\"widget\" data-widget_type=\"heading.default\">\n\t\t\t\t\t<h4 class=\"elementor-heading-title elementor-size-default\">Diplomado Juntanza clim\u00e1tica feminista<\/h4>\t\t\t\t<\/div>\n\t\t\t\t<div class=\"elementor-element elementor-element-23fd561 elementor-widget elementor-widget-text-editor\" data-id=\"23fd561\" data-element_type=\"widget\" data-e-type=\"widget\" data-widget_type=\"text-editor.default\">\n\t\t\t\t\t\t\t\t\t<span data-sheets-root=\"1\">Mujeres del Pac\u00edfico, lleg\u00f3 la Juntanza Clim\u00e1tica Feminista\r\n\r\nDurante 12 meses, 120 mujeres se encontrar\u00e1n para aprender, crear y liderar acciones frente a la crisis clim\u00e1tica, la defensa de la vida y la construcci\u00f3n de paz.\r\n\r\n\ud83d\udcda Diplomado en Justicia Clim\u00e1tica Feminista\r\n\ud83c\udf31 Huertas agroecol\u00f3gicas y ecotecnolog\u00edas\r\n\ud83e\udd1d Encuentros de saberes y mercados agroecol\u00f3gicos\r\n\ud83c\udf0d Participaci\u00f3n en espacios regionales, nacionales e internacionales\r\n\r\n\ud83d\udc49 Haz parte de esta juntanza si eres mujer afrodescendiente, ind\u00edgena, campesina, rural, defensora del territorio o lideresa comunitaria.\r\n\r\n\ud83d\uddd3 Inscripciones hasta el 15 de septiembre de 2025\r\n\ud83d\udccd Iniciamos el 26 de septiembre<\/span>\t\t\t\t\t\t\t\t<\/div>\n\t\t\t\t<div class=\"elementor-element elementor-element-18db216 elementor-widget elementor-widget-heading\" data-id=\"18db216\" data-element_type=\"widget\" data-e-type=\"widget\" data-widget_type=\"heading.default\">\n\t\t\t\t\t<h6 class=\"elementor-heading-title elementor-size-default\">Fecha de cierre:<\/h6>\t\t\t\t<\/div>\n\t\t\t\t<div class=\"elementor-element elementor-element-d681b26 elementor-icon-list--layout-traditional elementor-list-item-link-full_width elementor-widget elementor-widget-icon-list\" data-id=\"d681b26\" data-element_type=\"widget\" data-e-type=\"widget\" data-widget_type=\"icon-list.default\">\n\t\t\t\t\t\t\t<ul class=\"elementor-icon-list-items\">\n\t\t\t\t\t\t\t<li class=\"elementor-icon-list-item\">\n\t\t\t\t\t\t\t\t\t\t\t<span class=\"elementor-icon-list-icon\">\n\t\t\t\t\t\t\t<i aria-hidden=\"true\" class=\"lnr lnr-calendar-full\"><\/i>\t\t\t\t\t\t<\/span>\n\t\t\t\t\t\t\t\t\t\t<span class=\"elementor-icon-list-text\">15 de September de 2025<\/span>\n\t\t\t\t\t\t\t\t\t<\/li>\n\t\t\t\t\t\t<\/ul>\n\t\t\t\t\t\t<\/div>\n\t\t\t\t<\/div>\n\t\t\t\t\t<\/div>\n\t\t\t\t<\/div>\n\t\t\t\t<\/div>\n\t\t\t\t<div data-elementor-type=\"loop-item\" data-elementor-id=\"14501\" class=\"elementor elementor-14501 e-loop-item e-loop-item-15660 post-15660 convocatorias type-convocatorias status-publish has-post-thumbnail hentry\" data-elementor-post-type=\"elementor_library\" data-custom-edit-handle=\"1\">\n\t\t\t<div class=\"elementor-element elementor-element-41ca630 e-flex e-con-boxed e-con e-parent\" data-id=\"41ca630\" data-element_type=\"container\" data-e-type=\"container\" data-settings=\"{&quot;background_background&quot;:&quot;classic&quot;}\">\n\t\t\t\t\t<div class=\"e-con-inner\">\n\t\t<div class=\"elementor-element elementor-element-71efcd0 e-con-full e-flex e-con e-child\" data-id=\"71efcd0\" data-element_type=\"container\" data-e-type=\"container\">\n\t\t\t\t<div class=\"elementor-element elementor-element-917c5f4 elementor-widget elementor-widget-image\" data-id=\"917c5f4\" data-element_type=\"widget\" data-e-type=\"widget\" data-widget_type=\"image.default\">\n\t\t\t\t\t\t\t\t\t\t\t\t\t\t\t<img decoding=\"async\" data-src=\"https:\/\/barranquillamas20.com\/wp-content\/uploads\/elementor\/thumbs\/Portada-convocatoria-rjnidm4zx5gbtessvu5nackw19nopy17q6cjnmtu92.jpg\" title=\"Portada convocatoria\" alt=\"Portada convocatoria\" src=\"data:image\/svg+xml;base64,PHN2ZyB3aWR0aD0iMSIgaGVpZ2h0PSIxIiB4bWxucz0iaHR0cDovL3d3dy53My5vcmcvMjAwMC9zdmciPjwvc3ZnPg==\" class=\"lazyload\" style=\"--smush-placeholder-width: 900px; --smush-placeholder-aspect-ratio: 900\/599;\" \/>\t\t\t\t\t\t\t\t\t\t\t\t\t\t\t<\/div>\n\t\t\t\t<\/div>\n\t\t<div class=\"elementor-element elementor-element-285938d e-con-full e-flex e-con e-child\" data-id=\"285938d\" data-element_type=\"container\" data-e-type=\"container\">\n\t\t\t\t<div class=\"elementor-element elementor-element-061b01f elementor-widget elementor-widget-heading\" data-id=\"061b01f\" data-element_type=\"widget\" data-e-type=\"widget\" data-widget_type=\"heading.default\">\n\t\t\t\t\t<h4 class=\"elementor-heading-title elementor-size-default\">Diplomado Mujeres cuidadoras de vida y de la justicia clim\u00e1tica<\/h4>\t\t\t\t<\/div>\n\t\t\t\t<div class=\"elementor-element elementor-element-23fd561 elementor-widget elementor-widget-text-editor\" data-id=\"23fd561\" data-element_type=\"widget\" data-e-type=\"widget\" data-widget_type=\"text-editor.default\">\n\t\t\t\t\t\t\t\t\t<span data-sheets-root=\"1\">DIPLOMADO | Mujeres Cuidadoras de Vida y la Justicia Clim\u00e1tica\r\n\r\n\u00bfEres mujer en toda su diversidad, defensora del territorio, lideresa comunitaria, ind\u00edgena, migrante, afro y\/o mujer cuidadora en tu comunidad?\r\n\r\n\ud83c\udf31Desde Barranquilla+20, te invitamos a ser parte de un proceso \u00fanico de formaci\u00f3n, resiliencia y transformaci\u00f3n: el Diplomado \u201cMujeres Cuidadoras de Vida y la Justicia Clim\u00e1tica\u201d donde los cuidados y la juntanza clim\u00e1tica se abrazan desde los feminismos de Abya Yala y otros sures.\r\n\r\n\ud83d\udcbb Modalidad: Virtual, con sesiones sincr\u00f3nicas y asincr\u00f3nicas\r\n\ud83d\udcc6 Duraci\u00f3n: Del 14 de Agosto al 23 de Octubre de 2025\r\n\ud83c\udfeb Certificado por: Universidad Aut\u00f3noma del Caribe\r\n\ud83d\udcdc Organiza: Barranquilla +20\r\n\ud83d\udc69\ud83c\udffd\u200d\ud83c\udf3e Apoya: Mujeres Por la Justicia Clim\u00e1tica\r\n\ud83d\udc65 Requisito: Ser mayor de 18 a\u00f1os y estar comprometida con los cuidados y la justicia clim\u00e1tica\r\n\ud83d\udcb8 100% becada\r\n\r\n\ud83d\udca5 Y aqu\u00ed va lo m\u00e1s poderoso: \ud83c\udf9f\ufe0f Tres (3) mujeres ser\u00e1n seleccionadas para integrar la Delegaci\u00f3n de Mujeres y Ni\u00f1as por la Justicia Clim\u00e1tica que viajar\u00e1 a la COP30 en Noviembre a Bel\u00e9n do Par\u00e1, Brasil \u00a1con todos los gastos pagados!\r\n\r\n\ud83e\uddf5Este diplomado no es solo aprendizaje. Es tambi\u00e9n resistencia, sanaci\u00f3n, arte, comunidad, incidencia y creaci\u00f3n colectiva de un documento que llevaremos al escenario global de la #COP30 en voz propia. \ud83c\udf0e<\/span>\t\t\t\t\t\t\t\t<\/div>\n\t\t\t\t<div class=\"elementor-element elementor-element-18db216 elementor-widget elementor-widget-heading\" data-id=\"18db216\" data-element_type=\"widget\" data-e-type=\"widget\" data-widget_type=\"heading.default\">\n\t\t\t\t\t<h6 class=\"elementor-heading-title elementor-size-default\">Fecha de cierre:<\/h6>\t\t\t\t<\/div>\n\t\t\t\t<div class=\"elementor-element elementor-element-d681b26 elementor-icon-list--layout-traditional elementor-list-item-link-full_width elementor-widget elementor-widget-icon-list\" data-id=\"d681b26\" data-element_type=\"widget\" data-e-type=\"widget\" data-widget_type=\"icon-list.default\">\n\t\t\t\t\t\t\t<ul class=\"elementor-icon-list-items\">\n\t\t\t\t\t\t\t<li class=\"elementor-icon-list-item\">\n\t\t\t\t\t\t\t\t\t\t\t<span class=\"elementor-icon-list-icon\">\n\t\t\t\t\t\t\t<i aria-hidden=\"true\" class=\"lnr lnr-calendar-full\"><\/i>\t\t\t\t\t\t<\/span>\n\t\t\t\t\t\t\t\t\t\t<span class=\"elementor-icon-list-text\">13 de August de 2025<\/span>\n\t\t\t\t\t\t\t\t\t<\/li>\n\t\t\t\t\t\t<\/ul>\n\t\t\t\t\t\t<\/div>\n\t\t\t\t<\/div>\n\t\t\t\t\t<\/div>\n\t\t\t\t<\/div>\n\t\t\t\t<\/div>\n\t\t\t\t<\/div>\n\t\t\t\t\t<span class=\"e-load-more-spinner\">\n\t\t\t\t<svg aria-hidden=\"true\" class=\"e-font-icon-svg e-fas-spinner\" viewBox=\"0 0 512 512\" xmlns=\"http:\/\/www.w3.org\/2000\/svg\"><path d=\"M304 48c0 26.51-21.49 48-48 48s-48-21.49-48-48 21.49-48 48-48 48 21.49 48 48zm-48 368c-26.51 0-48 21.49-48 48s21.49 48 48 48 48-21.49 48-48-21.49-48-48-48zm208-208c-26.51 0-48 21.49-48 48s21.49 48 48 48 48-21.49 48-48-21.49-48-48-48zM96 256c0-26.51-21.49-48-48-48S0 229.49 0 256s21.49 48 48 48 48-21.49 48-48zm12.922 99.078c-26.51 0-48 21.49-48 48s21.49 48 48 48 48-21.49 48-48c0-26.509-21.491-48-48-48zm294.156 0c-26.51 0-48 21.49-48 48s21.49 48 48 48 48-21.49 48-48c0-26.509-21.49-48-48-48zM108.922 60.922c-26.51 0-48 21.49-48 48s21.49 48 48 48 48-21.49 48-48-21.491-48-48-48z\"><\/path><\/svg>\t\t\t<\/span>\n\t\t\n\t\t\t\t<div class=\"e-load-more-anchor\" data-page=\"1\" data-max-page=\"3\" data-next-page=\"https:\/\/barranquillamas20.com\/en\/wp-json\/wp\/v2\/pages\/4640\/page\/2\/\"><\/div>\n\t\t\t\t<div class=\"e-load-more-message\"><\/div>\n\t\t\t\t\t\t<\/div>\n\t\t\t\t<\/div>\n\t\t\t\t\t<\/div>\n\t\t\t\t<\/div>\n\t\t\t\t<\/div>\n\t\t","protected":false},"excerpt":{"rendered":"<p>Impulsamos procesos formativos en justicia clim\u00e1tica y sostenibilidad desde un enfoque feminista y territorial, fortaleciendo liderazgos juveniles y comunitarios para la acci\u00f3n y la incidencia. Explora nuestro portal educativo y construyamos juntxs nuevos procesos de aprendizaje. Portal Educativo<\/p>","protected":false},"author":13,"featured_media":0,"parent":0,"menu_order":10,"comment_status":"closed","ping_status":"closed","template":"","meta":{"footnotes":""},"class_list":["post-4640","page","type-page","status-publish","hentry"],"_links":{"self":[{"href":"https:\/\/barranquillamas20.com\/en\/wp-json\/wp\/v2\/pages\/4640","targetHints":{"allow":["GET"]}}],"collection":[{"href":"https:\/\/barranquillamas20.com\/en\/wp-json\/wp\/v2\/pages"}],"about":[{"href":"https:\/\/barranquillamas20.com\/en\/wp-json\/wp\/v2\/types\/page"}],"author":[{"embeddable":true,"href":"https:\/\/barranquillamas20.com\/en\/wp-json\/wp\/v2\/users\/13"}],"replies":[{"embeddable":true,"href":"https:\/\/barranquillamas20.com\/en\/wp-json\/wp\/v2\/comments?post=4640"}],"version-history":[{"count":98,"href":"https:\/\/barranquillamas20.com\/en\/wp-json\/wp\/v2\/pages\/4640\/revisions"}],"predecessor-version":[{"id":16209,"href":"https:\/\/barranquillamas20.com\/en\/wp-json\/wp\/v2\/pages\/4640\/revisions\/16209"}],"wp:attachment":[{"href":"https:\/\/barranquillamas20.com\/en\/wp-json\/wp\/v2\/media?parent=4640"}],"curies":[{"name":"wp","href":"https:\/\/api.w.org\/{rel}","templated":true}]}}